{"id":86,"date":"2018-10-12T15:40:11","date_gmt":"2018-10-12T13:40:11","guid":{"rendered":"http:\/\/vsauvage-architecte.fr\/?page_id=86"},"modified":"2026-02-04T08:49:10","modified_gmt":"2026-02-04T07:49:10","slug":"a-propos","status":"publish","type":"page","link":"https:\/\/vsauvage-architecte.fr\/","title":{"rendered":"A propos"},"content":{"rendered":"\t\t<div data-elementor-type=\"wp-post\" data-elementor-id=\"86\" class=\"elementor elementor-86\" data-elementor-post-type=\"page\">\n\t\t\t\t\t\t<section class=\"elementor-section elementor-top-section elementor-element elementor-element-f8f72b6 elementor-section-stretched elementor-section-full_width elementor-section-content-top elementor-section-height-min-height elementor-section-height-default elementor-section-items-middle\" data-id=\"f8f72b6\" data-element_type=\"section\" data-e-type=\"section\" data-settings=\"{&quot;stretch_section&quot;:&quot;section-stretched&quot;,&quot;background_background&quot;:&quot;classic&quot;,&quot;animation&quot;:&quot;none&quot;}\">\n\t\t\t\t\t\t<div class=\"elementor-container elementor-column-gap-default\">\n\t\t\t\t\t<div class=\"elementor-column elementor-col-50 elementor-top-column elementor-element elementor-element-d9baa44\" data-id=\"d9baa44\" data-element_type=\"column\" data-e-type=\"column\">\n\t\t\t<div class=\"elementor-widget-wrap elementor-element-populated\">\n\t\t\t\t\t\t<div class=\"elementor-element elementor-element-00a19bb elementor-widget elementor-widget-image\" data-id=\"00a19bb\" data-element_type=\"widget\" data-e-type=\"widget\" data-widget_type=\"image.default\">\n\t\t\t\t<div class=\"elementor-widget-container\">\n\t\t\t\t\t\t\t\t\t\t\t\t\t\t\t\t<a href=\"mailto:agence@vsauvage-architecte.fr\">\n\t\t\t\t\t\t\t<img fetchpriority=\"high\" decoding=\"async\" width=\"400\" height=\"402\" src=\"https:\/\/vsauvage-architecte.fr\/wp-content\/uploads\/2018\/10\/photocabine_2.jpg\" class=\"attachment-full size-full wp-image-89\" alt=\"\" srcset=\"https:\/\/vsauvage-architecte.fr\/wp-content\/uploads\/2018\/10\/photocabine_2.jpg 400w, https:\/\/vsauvage-architecte.fr\/wp-content\/uploads\/2018\/10\/photocabine_2-150x150.jpg 150w\" sizes=\"(max-width: 400px) 100vw, 400px\" \/>\t\t\t\t\t\t\t\t<\/a>\n\t\t\t\t\t\t\t\t\t\t\t\t\t\t\t<\/div>\n\t\t\t\t<\/div>\n\t\t\t\t<div class=\"elementor-element elementor-element-4304d9f elementor-widget__width-initial elementor-widget elementor-widget-image\" data-id=\"4304d9f\" data-element_type=\"widget\" data-e-type=\"widget\" data-widget_type=\"image.default\">\n\t\t\t\t<div class=\"elementor-widget-container\">\n\t\t\t\t\t\t\t\t\t\t\t\t\t\t\t\t<a href=\"mailto:agence@vsauvage-archiecte.fr\">\n\t\t\t\t\t\t\t<img decoding=\"async\" width=\"1024\" height=\"370\" src=\"https:\/\/vsauvage-architecte.fr\/wp-content\/uploads\/2022\/12\/encart-agence-1024x370.gif\" class=\"attachment-large size-large wp-image-1636\" alt=\"\" srcset=\"https:\/\/vsauvage-architecte.fr\/wp-content\/uploads\/2022\/12\/encart-agence-1024x370.gif 1024w, https:\/\/vsauvage-architecte.fr\/wp-content\/uploads\/2022\/12\/encart-agence-300x109.gif 300w, https:\/\/vsauvage-architecte.fr\/wp-content\/uploads\/2022\/12\/encart-agence-768x278.gif 768w\" sizes=\"(max-width: 1024px) 100vw, 1024px\" \/>\t\t\t\t\t\t\t\t<\/a>\n\t\t\t\t\t\t\t\t\t\t\t\t\t\t\t<\/div>\n\t\t\t\t<\/div>\n\t\t\t\t<div class=\"elementor-element elementor-element-45bda46 elementor-widget elementor-widget-image\" data-id=\"45bda46\" data-element_type=\"widget\" data-e-type=\"widget\" data-widget_type=\"image.default\">\n\t\t\t\t<div class=\"elementor-widget-container\">\n\t\t\t\t\t\t\t\t\t\t\t\t\t\t\t\t<a href=\"https:\/\/www.architectes.org\/\">\n\t\t\t\t\t\t\t<img decoding=\"async\" width=\"1024\" height=\"158\" src=\"https:\/\/vsauvage-architecte.fr\/wp-content\/uploads\/2022\/12\/encart-OA-1024x158.gif\" class=\"elementor-animation-shrink attachment-large size-large wp-image-1637\" alt=\"\" srcset=\"https:\/\/vsauvage-architecte.fr\/wp-content\/uploads\/2022\/12\/encart-OA-1024x158.gif 1024w, https:\/\/vsauvage-architecte.fr\/wp-content\/uploads\/2022\/12\/encart-OA-300x46.gif 300w, https:\/\/vsauvage-architecte.fr\/wp-content\/uploads\/2022\/12\/encart-OA-768x118.gif 768w, https:\/\/vsauvage-architecte.fr\/wp-content\/uploads\/2022\/12\/encart-OA-1200x186.gif 1200w\" sizes=\"(max-width: 1024px) 100vw, 1024px\" \/>\t\t\t\t\t\t\t\t<\/a>\n\t\t\t\t\t\t\t\t\t\t\t\t\t\t\t<\/div>\n\t\t\t\t<\/div>\n\t\t\t\t\t<\/div>\n\t\t<\/div>\n\t\t\t\t<div class=\"elementor-column elementor-col-50 elementor-top-column elementor-element elementor-element-15d5762\" data-id=\"15d5762\" data-element_type=\"column\" data-e-type=\"column\" data-settings=\"{&quot;animation&quot;:&quot;none&quot;}\">\n\t\t\t<div class=\"elementor-widget-wrap elementor-element-populated\">\n\t\t\t\t\t\t<div class=\"elementor-element elementor-element-5c4beea elementor-widget-divider--view-line elementor-widget elementor-widget-divider\" data-id=\"5c4beea\" data-element_type=\"widget\" data-e-type=\"widget\" data-widget_type=\"divider.default\">\n\t\t\t\t<div class=\"elementor-widget-container\">\n\t\t\t\t\t\t\t<div class=\"elementor-divider\">\n\t\t\t<span class=\"elementor-divider-separator\">\n\t\t\t\t\t\t<\/span>\n\t\t<\/div>\n\t\t\t\t\t\t<\/div>\n\t\t\t\t<\/div>\n\t\t\t\t<div class=\"elementor-element elementor-element-9d2f050 elementor-widget elementor-widget-text-editor\" data-id=\"9d2f050\" data-element_type=\"widget\" data-e-type=\"widget\" data-widget_type=\"text-editor.default\">\n\t\t\t\t<div class=\"elementor-widget-container\">\n\t\t\t\t\t\t\t\t\t<h4>Raisonner en surface agr\u00e9able\u2026 Celle qui n\u2019apparait pas dans le programme mais qui cr\u00e9e le lieu.<\/h4><h4>Elle implique, celui qui vit l\u2019espace, celui qui d\u00e9cide de sa cr\u00e9ation, celui qui l\u2019invente.<\/h4>\t\t\t\t\t\t\t\t<\/div>\n\t\t\t\t<\/div>\n\t\t\t\t<section class=\"elementor-section elementor-inner-section elementor-element elementor-element-4c8c155 elementor-section-boxed elementor-section-height-default elementor-section-height-default\" data-id=\"4c8c155\" data-element_type=\"section\" data-e-type=\"section\">\n\t\t\t\t\t\t<div class=\"elementor-container elementor-column-gap-default\">\n\t\t\t\t\t<div class=\"elementor-column elementor-col-50 elementor-inner-column elementor-element elementor-element-f35c066\" data-id=\"f35c066\" data-element_type=\"column\" data-e-type=\"column\">\n\t\t\t<div class=\"elementor-widget-wrap elementor-element-populated\">\n\t\t\t\t\t\t<div class=\"elementor-element elementor-element-7457ee0 elementor-view-default elementor-widget elementor-widget-icon\" data-id=\"7457ee0\" data-element_type=\"widget\" data-e-type=\"widget\" data-widget_type=\"icon.default\">\n\t\t\t\t<div class=\"elementor-widget-container\">\n\t\t\t\t\t\t\t<div class=\"elementor-icon-wrapper\">\n\t\t\t<div class=\"elementor-icon\">\n\t\t\t<i aria-hidden=\"true\" class=\"fas fa-square-full\"><\/i>\t\t\t<\/div>\n\t\t<\/div>\n\t\t\t\t\t\t<\/div>\n\t\t\t\t<\/div>\n\t\t\t\t\t<\/div>\n\t\t<\/div>\n\t\t\t\t<div class=\"elementor-column elementor-col-50 elementor-inner-column elementor-element elementor-element-48c274c\" data-id=\"48c274c\" data-element_type=\"column\" data-e-type=\"column\">\n\t\t\t<div class=\"elementor-widget-wrap elementor-element-populated\">\n\t\t\t\t\t\t<div class=\"elementor-element elementor-element-9500fd9 elementor-widget elementor-widget-text-editor\" data-id=\"9500fd9\" data-element_type=\"widget\" data-e-type=\"widget\" data-widget_type=\"text-editor.default\">\n\t\t\t\t<div class=\"elementor-widget-container\">\n\t\t\t\t\t\t\t\t\t<p><strong>Etablir un dialogue<\/strong> en int\u00e9grant d\u00e8s le d\u00e9marrage des \u00e9tudes, les r\u00e9flexions que vous avez men\u00e9es, nous enrichirons le projet pour tendre vers le choix le plus judicieux, pour aboutir \u00e0 la meilleure r\u00e9ponse \u00e0 vous apporter. Le r\u00e9sultat de l&rsquo;\u00e9tude doit \u00eatre avant tout, l&rsquo;aboutissement d&rsquo;un \u00e9change entre concepteurs et usager.<\/p>\t\t\t\t\t\t\t\t<\/div>\n\t\t\t\t<\/div>\n\t\t\t\t\t<\/div>\n\t\t<\/div>\n\t\t\t\t\t<\/div>\n\t\t<\/section>\n\t\t\t\t<section class=\"elementor-section elementor-inner-section elementor-element elementor-element-9e14e36 elementor-section-boxed elementor-section-height-default elementor-section-height-default\" data-id=\"9e14e36\" data-element_type=\"section\" data-e-type=\"section\">\n\t\t\t\t\t\t<div class=\"elementor-container elementor-column-gap-default\">\n\t\t\t\t\t<div class=\"elementor-column elementor-col-50 elementor-inner-column elementor-element elementor-element-2329282\" data-id=\"2329282\" data-element_type=\"column\" data-e-type=\"column\">\n\t\t\t<div class=\"elementor-widget-wrap elementor-element-populated\">\n\t\t\t\t\t\t<div class=\"elementor-element elementor-element-b639f25 elementor-view-default elementor-widget elementor-widget-icon\" data-id=\"b639f25\" data-element_type=\"widget\" data-e-type=\"widget\" data-widget_type=\"icon.default\">\n\t\t\t\t<div class=\"elementor-widget-container\">\n\t\t\t\t\t\t\t<div class=\"elementor-icon-wrapper\">\n\t\t\t<div class=\"elementor-icon\">\n\t\t\t<i aria-hidden=\"true\" class=\"fas fa-square-full\"><\/i>\t\t\t<\/div>\n\t\t<\/div>\n\t\t\t\t\t\t<\/div>\n\t\t\t\t<\/div>\n\t\t\t\t\t<\/div>\n\t\t<\/div>\n\t\t\t\t<div class=\"elementor-column elementor-col-50 elementor-inner-column elementor-element elementor-element-9e2eedd\" data-id=\"9e2eedd\" data-element_type=\"column\" data-e-type=\"column\">\n\t\t\t<div class=\"elementor-widget-wrap elementor-element-populated\">\n\t\t\t\t\t\t<div class=\"elementor-element elementor-element-5492c18 elementor-widget elementor-widget-text-editor\" data-id=\"5492c18\" data-element_type=\"widget\" data-e-type=\"widget\" data-widget_type=\"text-editor.default\">\n\t\t\t\t<div class=\"elementor-widget-container\">\n\t\t\t\t\t\t\t\t\t<p>L&rsquo;agence intervient pour des <strong>projets neufs et en r\u00e9habilitation<\/strong> dans tous les domaines autant en <strong>maitrise d&rsquo;\u0153uvre conception qu&rsquo;en ex\u00e9cution<\/strong> :<\/p><p>La mission Conseil ou d&rsquo;Assistance au montage du projet \u00e0 destination des collectivit\u00e9s ou des particuliers,<br \/>Le projet de construction,<br \/>Le projet de R\u00e9novation R\u00e9habilitation et\/ou d&rsquo;extension,<br \/>La mission de Mise aux normes,<br \/>Le Diagnostic,<br \/>dans les secteurs du tertiaire, de l&rsquo;\u00e9quipement, du logement et des loisirs.<\/p>\t\t\t\t\t\t\t\t<\/div>\n\t\t\t\t<\/div>\n\t\t\t\t\t<\/div>\n\t\t<\/div>\n\t\t\t\t\t<\/div>\n\t\t<\/section>\n\t\t\t\t<section class=\"elementor-section elementor-inner-section elementor-element elementor-element-22c44b1 elementor-section-content-top elementor-section-boxed elementor-section-height-default elementor-section-height-default\" data-id=\"22c44b1\" data-element_type=\"section\" data-e-type=\"section\">\n\t\t\t\t\t\t<div class=\"elementor-container elementor-column-gap-default\">\n\t\t\t\t\t<div class=\"elementor-column elementor-col-50 elementor-inner-column elementor-element elementor-element-2439a2f\" data-id=\"2439a2f\" data-element_type=\"column\" data-e-type=\"column\">\n\t\t\t<div class=\"elementor-widget-wrap elementor-element-populated\">\n\t\t\t\t\t\t<div class=\"elementor-element elementor-element-ebcf0a3 elementor-view-default elementor-widget elementor-widget-icon\" data-id=\"ebcf0a3\" data-element_type=\"widget\" data-e-type=\"widget\" data-widget_type=\"icon.default\">\n\t\t\t\t<div class=\"elementor-widget-container\">\n\t\t\t\t\t\t\t<div class=\"elementor-icon-wrapper\">\n\t\t\t<div class=\"elementor-icon\">\n\t\t\t<i aria-hidden=\"true\" class=\"fas fa-square-full\"><\/i>\t\t\t<\/div>\n\t\t<\/div>\n\t\t\t\t\t\t<\/div>\n\t\t\t\t<\/div>\n\t\t\t\t\t<\/div>\n\t\t<\/div>\n\t\t\t\t<div class=\"elementor-column elementor-col-50 elementor-inner-column elementor-element elementor-element-1fc9bdc\" data-id=\"1fc9bdc\" data-element_type=\"column\" data-e-type=\"column\">\n\t\t\t<div class=\"elementor-widget-wrap elementor-element-populated\">\n\t\t\t\t\t\t<div class=\"elementor-element elementor-element-6d4a556 elementor-widget elementor-widget-text-editor\" data-id=\"6d4a556\" data-element_type=\"widget\" data-e-type=\"widget\" data-widget_type=\"text-editor.default\">\n\t\t\t\t<div class=\"elementor-widget-container\">\n\t\t\t\t\t\t\t\t\t<p><strong>Nos clients<\/strong> sont <strong>priv\u00e9s<\/strong> (particuliers, investisseurs, entreprises) et <strong>publics<\/strong> (villes, bailleurs, &#8230;.)<\/p>\t\t\t\t\t\t\t\t<\/div>\n\t\t\t\t<\/div>\n\t\t\t\t\t<\/div>\n\t\t<\/div>\n\t\t\t\t\t<\/div>\n\t\t<\/section>\n\t\t\t\t\t<\/div>\n\t\t<\/div>\n\t\t\t\t\t<\/div>\n\t\t<\/section>\n\t\t\t\t<section class=\"elementor-section elementor-top-section elementor-element elementor-element-861407e elementor-section-boxed elementor-section-height-default elementor-section-height-default\" data-id=\"861407e\" data-element_type=\"section\" data-e-type=\"section\" data-settings=\"{&quot;background_background&quot;:&quot;classic&quot;}\">\n\t\t\t\t\t\t<div class=\"elementor-container elementor-column-gap-default\">\n\t\t\t\t\t<div class=\"elementor-column elementor-col-100 elementor-top-column elementor-element elementor-element-0b42313\" data-id=\"0b42313\" data-element_type=\"column\" data-e-type=\"column\">\n\t\t\t<div class=\"elementor-widget-wrap elementor-element-populated\">\n\t\t\t\t\t\t<div class=\"elementor-element elementor-element-ca80722 elementor-view-stacked elementor-shape-circle elementor-widget elementor-widget-icon\" data-id=\"ca80722\" data-element_type=\"widget\" data-e-type=\"widget\" data-widget_type=\"icon.default\">\n\t\t\t\t<div class=\"elementor-widget-container\">\n\t\t\t\t\t\t\t<div class=\"elementor-icon-wrapper\">\n\t\t\t<a class=\"elementor-icon elementor-animation-buzz\" href=\"#Equipe\">\n\t\t\t<i aria-hidden=\"true\" class=\"fas fa-angle-down\"><\/i>\t\t\t<\/a>\n\t\t<\/div>\n\t\t\t\t\t\t<\/div>\n\t\t\t\t<\/div>\n\t\t\t\t\t<\/div>\n\t\t<\/div>\n\t\t\t\t\t<\/div>\n\t\t<\/section>\n\t\t\t\t<section class=\"elementor-section elementor-top-section elementor-element elementor-element-7586a6a elementor-section-height-full animated-slow elementor-section-boxed elementor-section-height-default elementor-section-items-middle\" data-id=\"7586a6a\" data-element_type=\"section\" data-e-type=\"section\" data-settings=\"{&quot;animation&quot;:&quot;none&quot;,&quot;background_background&quot;:&quot;classic&quot;}\">\n\t\t\t\t\t\t\t<div class=\"elementor-background-overlay\"><\/div>\n\t\t\t\t\t\t\t<div class=\"elementor-container elementor-column-gap-default\">\n\t\t\t\t\t<div class=\"elementor-column elementor-col-100 elementor-top-column elementor-element elementor-element-026780e\" data-id=\"026780e\" data-element_type=\"column\" data-e-type=\"column\">\n\t\t\t<div class=\"elementor-widget-wrap elementor-element-populated\">\n\t\t\t\t\t\t<div class=\"elementor-element elementor-element-7fcd1e2 elementor-widget elementor-widget-menu-anchor\" data-id=\"7fcd1e2\" data-element_type=\"widget\" data-e-type=\"widget\" data-widget_type=\"menu-anchor.default\">\n\t\t\t\t<div class=\"elementor-widget-container\">\n\t\t\t\t\t\t\t<div class=\"elementor-menu-anchor\" id=\"Equipe\"><\/div>\n\t\t\t\t\t\t<\/div>\n\t\t\t\t<\/div>\n\t\t\t\t<section class=\"elementor-section elementor-inner-section elementor-element elementor-element-1bfbe50 elementor-section-full_width elementor-section-height-default elementor-section-height-default\" data-id=\"1bfbe50\" data-element_type=\"section\" data-e-type=\"section\">\n\t\t\t\t\t\t<div class=\"elementor-container elementor-column-gap-default\">\n\t\t\t\t\t<div class=\"elementor-column elementor-col-33 elementor-inner-column elementor-element elementor-element-765f000\" data-id=\"765f000\" data-element_type=\"column\" data-e-type=\"column\">\n\t\t\t<div class=\"elementor-widget-wrap elementor-element-populated\">\n\t\t\t\t\t\t<div class=\"elementor-element elementor-element-cdecadc elementor-widget elementor-widget-image\" data-id=\"cdecadc\" data-element_type=\"widget\" data-e-type=\"widget\" data-widget_type=\"image.default\">\n\t\t\t\t<div class=\"elementor-widget-container\">\n\t\t\t\t\t\t\t\t\t\t\t\t\t\t\t<img loading=\"lazy\" decoding=\"async\" width=\"512\" height=\"512\" src=\"https:\/\/vsauvage-architecte.fr\/wp-content\/uploads\/2022\/12\/VSHD.jpg\" class=\"attachment-large size-large wp-image-1688\" alt=\"\" srcset=\"https:\/\/vsauvage-architecte.fr\/wp-content\/uploads\/2022\/12\/VSHD.jpg 512w, https:\/\/vsauvage-architecte.fr\/wp-content\/uploads\/2022\/12\/VSHD-300x300.jpg 300w, https:\/\/vsauvage-architecte.fr\/wp-content\/uploads\/2022\/12\/VSHD-150x150.jpg 150w\" sizes=\"(max-width: 512px) 100vw, 512px\" \/>\t\t\t\t\t\t\t\t\t\t\t\t\t\t\t<\/div>\n\t\t\t\t<\/div>\n\t\t\t\t\t<\/div>\n\t\t<\/div>\n\t\t\t\t<div class=\"elementor-column elementor-col-33 elementor-inner-column elementor-element elementor-element-d44169b\" data-id=\"d44169b\" data-element_type=\"column\" data-e-type=\"column\">\n\t\t\t<div class=\"elementor-widget-wrap elementor-element-populated\">\n\t\t\t\t\t\t<div class=\"elementor-element elementor-element-eb9d6aa elementor-view-default elementor-widget elementor-widget-icon\" data-id=\"eb9d6aa\" data-element_type=\"widget\" data-e-type=\"widget\" data-widget_type=\"icon.default\">\n\t\t\t\t<div class=\"elementor-widget-container\">\n\t\t\t\t\t\t\t<div class=\"elementor-icon-wrapper\">\n\t\t\t<div class=\"elementor-icon\">\n\t\t\t<i aria-hidden=\"true\" class=\"fas fa-square-full\"><\/i>\t\t\t<\/div>\n\t\t<\/div>\n\t\t\t\t\t\t<\/div>\n\t\t\t\t<\/div>\n\t\t\t\t\t<\/div>\n\t\t<\/div>\n\t\t\t\t<div class=\"elementor-column elementor-col-33 elementor-inner-column elementor-element elementor-element-5691766\" data-id=\"5691766\" data-element_type=\"column\" data-e-type=\"column\">\n\t\t\t<div class=\"elementor-widget-wrap elementor-element-populated\">\n\t\t\t\t\t\t<div class=\"elementor-element elementor-element-9876e5f elementor-widget elementor-widget-text-editor\" data-id=\"9876e5f\" data-element_type=\"widget\" data-e-type=\"widget\" data-widget_type=\"text-editor.default\">\n\t\t\t\t<div class=\"elementor-widget-container\">\n\t\t\t\t\t\t\t\t\t<p>VERONIQUE SAUVAGE architecte D.P.L.G. inscrite \u00e0 l&rsquo;Ordre des Architectes, est dipl\u00f4m\u00e9e de l&rsquo;Universit\u00e9 p\u00e9dagogique de l&rsquo;\u00e9cole d&rsquo;architecture de Lille en 1992. L&rsquo;Agence est cr\u00e9e en 2014 \u00e0 Aulnoye-Aymeries dans le SUD 59. Elle a collabor\u00e9 durant plus de 25 ans en agence d&rsquo;architecture sur des projets \u00e0 diverses \u00e9chelles, et \u00e0 l&rsquo;agence de d\u00e9veloppement et d&rsquo;urbanisme de le Sambre \/ ADUS.<\/p><p>La conception architecturale devant \u00eatre coh\u00e9rente, de la volum\u00e9trie d&rsquo;ensemble \u00e0 l&rsquo;espace int\u00e9rieur, la sensibilit\u00e9 et les exp\u00e9riences acquises apportent les comp\u00e9tences n\u00e9cessaires \u00e0 la r\u00e9alisation des \u00e9tudes d&rsquo;architecture int\u00e9rieure, coloristiques et d&rsquo;ambiance, ainsi que l&rsquo;accessibilit\u00e9 pour tous.<\/p>\t\t\t\t\t\t\t\t<\/div>\n\t\t\t\t<\/div>\n\t\t\t\t\t<\/div>\n\t\t<\/div>\n\t\t\t\t\t<\/div>\n\t\t<\/section>\n\t\t\t\t<div class=\"elementor-element elementor-element-a0ce56c elementor-widget-divider--view-line elementor-widget elementor-widget-divider\" data-id=\"a0ce56c\" data-element_type=\"widget\" data-e-type=\"widget\" data-widget_type=\"divider.default\">\n\t\t\t\t<div class=\"elementor-widget-container\">\n\t\t\t\t\t\t\t<div class=\"elementor-divider\">\n\t\t\t<span class=\"elementor-divider-separator\">\n\t\t\t\t\t\t<\/span>\n\t\t<\/div>\n\t\t\t\t\t\t<\/div>\n\t\t\t\t<\/div>\n\t\t\t\t<section class=\"elementor-section elementor-inner-section elementor-element elementor-element-a8dc561 elementor-section-full_width elementor-section-height-default elementor-section-height-default\" data-id=\"a8dc561\" data-element_type=\"section\" data-e-type=\"section\">\n\t\t\t\t\t\t<div class=\"elementor-container elementor-column-gap-default\">\n\t\t\t\t\t<div class=\"elementor-column elementor-col-33 elementor-inner-column elementor-element elementor-element-21f7657\" data-id=\"21f7657\" data-element_type=\"column\" data-e-type=\"column\">\n\t\t\t<div class=\"elementor-widget-wrap elementor-element-populated\">\n\t\t\t\t\t\t<div class=\"elementor-element elementor-element-98def7c elementor-widget elementor-widget-image\" data-id=\"98def7c\" data-element_type=\"widget\" data-e-type=\"widget\" data-widget_type=\"image.default\">\n\t\t\t\t<div class=\"elementor-widget-container\">\n\t\t\t\t\t\t\t\t\t\t\t\t\t\t\t<img loading=\"lazy\" decoding=\"async\" width=\"512\" height=\"512\" src=\"https:\/\/vsauvage-architecte.fr\/wp-content\/uploads\/2022\/12\/SCHD.jpg\" class=\"attachment-large size-large wp-image-1687\" alt=\"\" srcset=\"https:\/\/vsauvage-architecte.fr\/wp-content\/uploads\/2022\/12\/SCHD.jpg 512w, https:\/\/vsauvage-architecte.fr\/wp-content\/uploads\/2022\/12\/SCHD-300x300.jpg 300w, https:\/\/vsauvage-architecte.fr\/wp-content\/uploads\/2022\/12\/SCHD-150x150.jpg 150w\" sizes=\"(max-width: 512px) 100vw, 512px\" \/>\t\t\t\t\t\t\t\t\t\t\t\t\t\t\t<\/div>\n\t\t\t\t<\/div>\n\t\t\t\t\t<\/div>\n\t\t<\/div>\n\t\t\t\t<div class=\"elementor-column elementor-col-33 elementor-inner-column elementor-element elementor-element-a468047\" data-id=\"a468047\" data-element_type=\"column\" data-e-type=\"column\">\n\t\t\t<div class=\"elementor-widget-wrap elementor-element-populated\">\n\t\t\t\t\t\t<div class=\"elementor-element elementor-element-cbf43c6 elementor-view-default elementor-widget elementor-widget-icon\" data-id=\"cbf43c6\" data-element_type=\"widget\" data-e-type=\"widget\" data-widget_type=\"icon.default\">\n\t\t\t\t<div class=\"elementor-widget-container\">\n\t\t\t\t\t\t\t<div class=\"elementor-icon-wrapper\">\n\t\t\t<div class=\"elementor-icon\">\n\t\t\t<i aria-hidden=\"true\" class=\"fas fa-square-full\"><\/i>\t\t\t<\/div>\n\t\t<\/div>\n\t\t\t\t\t\t<\/div>\n\t\t\t\t<\/div>\n\t\t\t\t\t<\/div>\n\t\t<\/div>\n\t\t\t\t<div class=\"elementor-column elementor-col-33 elementor-inner-column elementor-element elementor-element-36200df\" data-id=\"36200df\" data-element_type=\"column\" data-e-type=\"column\">\n\t\t\t<div class=\"elementor-widget-wrap elementor-element-populated\">\n\t\t\t\t\t\t<div class=\"elementor-element elementor-element-78b6fdf elementor-widget elementor-widget-text-editor\" data-id=\"78b6fdf\" data-element_type=\"widget\" data-e-type=\"widget\" data-widget_type=\"text-editor.default\">\n\t\t\t\t<div class=\"elementor-widget-container\">\n\t\t\t\t\t\t\t\t\t<p>SAMUEL CAPELLE technicien du b\u00e2timent, est titulaire d&rsquo;une licence professionnelle G\u00e9nie des Syst\u00e8mes Industriels\/DUIPS CAO et Environnements R\u00e9seaux obtenus en 1996\u00a0<span style=\"font-family: Roboto, sans-serif; font-size: 16.8px; font-style: normal; font-variant-ligatures: normal; font-variant-caps: normal; font-weight: 400; background-color: var( --e-global-color-2ffccae8 );\">(universit\u00e9 du littoral c\u00f4te d&rsquo;Opale \u00e0 Calais)<\/span><span style=\"font-size: 16.8px; background-color: var( --e-global-color-2ffccae8 );\">.<br \/><\/span><span style=\"font-size: 16.8px; background-color: var( --e-global-color-2ffccae8 );\">Durant 10 ans il a men\u00e9 diff\u00e9rentes missions d&rsquo;assistance puis de conception\/prescription en milieux industriels et tertiaires au sein d&rsquo;<\/span><span style=\"font-family: Roboto, sans-serif; font-size: 16.8px; font-style: normal; font-variant-ligatures: normal; font-variant-caps: normal; font-weight: 400; background-color: var( --e-global-color-2ffccae8 );\">un bureau d&rsquo;\u00e9tudes techniques situ\u00e9 dans les Flandres<\/span><span style=\"font-size: 16.8px; background-color: var( --e-global-color-2ffccae8 );\">.\u00a0<\/span><span style=\"font-size: 16.8px; background-color: var( --e-global-color-2ffccae8 );\">Il a ensuite int\u00e9gr\u00e9 une agence d&rsquo;architecture dans le Hainaut durant 15 ans en tant que collaborateur d&rsquo;Architecte dont les missions \u00e9taient principalement ax\u00e9es sur le logement et le tertiaire.\u00a0<br \/><\/span><span style=\"background-color: var( --e-global-color-2ffccae8 ); font-size: 16.8px;\">Il rejoint l&rsquo;agence V\u00e9ronique Sauvage en juin 2020 en tant que collaborateur principal.<\/span><\/p>\t\t\t\t\t\t\t\t<\/div>\n\t\t\t\t<\/div>\n\t\t\t\t\t<\/div>\n\t\t<\/div>\n\t\t\t\t\t<\/div>\n\t\t<\/section>\n\t\t\t\t\t<\/div>\n\t\t<\/div>\n\t\t\t\t\t<\/div>\n\t\t<\/section>\n\t\t\t\t<\/div>\n\t\t","protected":false},"excerpt":{"rendered":"<p>Raisonner en surface agr\u00e9able\u2026 Celle qui n\u2019apparait pas dans le programme mais qui cr\u00e9e le lieu. Elle implique, celui qui vit l\u2019espace, celui qui d\u00e9cide de sa cr\u00e9ation, celui qui l\u2019invente. Etablir un dialogue en int\u00e9grant d\u00e8s le d\u00e9marrage des \u00e9tudes, les r\u00e9flexions que vous avez men\u00e9es, nous enrichirons le projet pour tendre vers le [&hellip;]<\/p>\n","protected":false},"author":1,"featured_media":0,"parent":0,"menu_order":0,"comment_status":"closed","ping_status":"closed","template":"","meta":{"footnotes":""},"class_list":["post-86","page","type-page","status-publish","hentry","entry"],"_links":{"self":[{"href":"https:\/\/vsauvage-architecte.fr\/index.php\/wp-json\/wp\/v2\/pages\/86","targetHints":{"allow":["GET"]}}],"collection":[{"href":"https:\/\/vsauvage-architecte.fr\/index.php\/wp-json\/wp\/v2\/pages"}],"about":[{"href":"https:\/\/vsauvage-architecte.fr\/index.php\/wp-json\/wp\/v2\/types\/page"}],"author":[{"embeddable":true,"href":"https:\/\/vsauvage-architecte.fr\/index.php\/wp-json\/wp\/v2\/users\/1"}],"replies":[{"embeddable":true,"href":"https:\/\/vsauvage-architecte.fr\/index.php\/wp-json\/wp\/v2\/comments?post=86"}],"version-history":[{"count":183,"href":"https:\/\/vsauvage-architecte.fr\/index.php\/wp-json\/wp\/v2\/pages\/86\/revisions"}],"predecessor-version":[{"id":2244,"href":"https:\/\/vsauvage-architecte.fr\/index.php\/wp-json\/wp\/v2\/pages\/86\/revisions\/2244"}],"wp:attachment":[{"href":"https:\/\/vsauvage-architecte.fr\/index.php\/wp-json\/wp\/v2\/media?parent=86"}],"curies":[{"name":"wp","href":"https:\/\/api.w.org\/{rel}","templated":true}]}}