{"id":1221,"date":"2022-12-16T18:12:27","date_gmt":"2022-12-16T17:12:27","guid":{"rendered":"https:\/\/vsauvage-architecte.fr\/?page_id=1221"},"modified":"2022-12-21T12:03:10","modified_gmt":"2022-12-21T11:03:10","slug":"services-2","status":"publish","type":"page","link":"https:\/\/vsauvage-architecte.fr\/index.php\/services-2\/","title":{"rendered":"Services"},"content":{"rendered":"\t\t<div data-elementor-type=\"wp-page\" data-elementor-id=\"1221\" class=\"elementor elementor-1221\" data-elementor-post-type=\"page\">\n\t\t\t\t\t\t<section class=\"elementor-section elementor-top-section elementor-element elementor-element-b86bb63 elementor-section-boxed elementor-section-height-default elementor-section-height-default\" data-id=\"b86bb63\" data-element_type=\"section\" data-e-type=\"section\">\n\t\t\t\t\t\t<div class=\"elementor-container elementor-column-gap-default\">\n\t\t\t\t\t<div class=\"elementor-column elementor-col-25 elementor-top-column elementor-element elementor-element-1f3899b\" data-id=\"1f3899b\" data-element_type=\"column\" data-e-type=\"column\">\n\t\t\t<div class=\"elementor-widget-wrap elementor-element-populated\">\n\t\t\t\t\t\t<div class=\"elementor-element elementor-element-0f1556c elementor-drop-cap-yes elementor-drop-cap-view-default elementor-widget elementor-widget-text-editor\" data-id=\"0f1556c\" data-element_type=\"widget\" data-e-type=\"widget\" data-settings=\"{&quot;drop_cap&quot;:&quot;yes&quot;}\" data-widget_type=\"text-editor.default\">\n\t\t\t\t<div class=\"elementor-widget-container\">\n\t\t\t\t\t\t\t\t\t<h1 style=\"box-sizing: inherit; font-size: 2rem; font-style: normal; font-weight: inherit; clear: both; color: var(--ast-global-color-2); line-height: 1.3; margin-block: 0px; font-family: -apple-system, BlinkMacSystemFont, 'Segoe UI', Roboto, Oxygen-Sans, Ubuntu, Cantarell, 'Helvetica Neue', sans-serif; font-variant-ligatures: normal; font-variant-caps: normal;\">Optimisation fonci\u00e8re<\/h1><div>\u00a0<\/div>\t\t\t\t\t\t\t\t<\/div>\n\t\t\t\t<\/div>\n\t\t\t\t<div class=\"elementor-element elementor-element-59fa7dd elementor-widget elementor-widget-text-editor\" data-id=\"59fa7dd\" data-element_type=\"widget\" data-e-type=\"widget\" data-widget_type=\"text-editor.default\">\n\t\t\t\t<div class=\"elementor-widget-container\">\n\t\t\t\t\t\t\t\t\t<p><em style=\"color: var(--ast-global-color-2); font-family: -apple-system, BlinkMacSystemFont, 'Segoe UI', Roboto, Oxygen-Sans, Ubuntu, Cantarell, 'Helvetica Neue', sans-serif; font-variant-ligatures: normal; font-variant-caps: normal; box-sizing: inherit; font-size: 13px; font-weight: bold;\">Dur\u00e9e variable Prix variable<\/em><\/p>\t\t\t\t\t\t\t\t<\/div>\n\t\t\t\t<\/div>\n\t\t\t\t<div class=\"elementor-element elementor-element-96ddcd8 elementor-widget elementor-widget-image\" data-id=\"96ddcd8\" data-element_type=\"widget\" data-e-type=\"widget\" data-widget_type=\"image.default\">\n\t\t\t\t<div class=\"elementor-widget-container\">\n\t\t\t\t\t\t\t\t\t\t\t\t\t\t\t<img fetchpriority=\"high\" decoding=\"async\" width=\"1024\" height=\"576\" src=\"https:\/\/vsauvage-architecte.fr\/wp-content\/uploads\/2022\/12\/plan-situation-3D-1024x576-1.png\" class=\"attachment-large size-large wp-image-1226\" alt=\"\" srcset=\"https:\/\/vsauvage-architecte.fr\/wp-content\/uploads\/2022\/12\/plan-situation-3D-1024x576-1.png 1024w, https:\/\/vsauvage-architecte.fr\/wp-content\/uploads\/2022\/12\/plan-situation-3D-1024x576-1-300x169.png 300w, https:\/\/vsauvage-architecte.fr\/wp-content\/uploads\/2022\/12\/plan-situation-3D-1024x576-1-768x432.png 768w, https:\/\/vsauvage-architecte.fr\/wp-content\/uploads\/2022\/12\/plan-situation-3D-1024x576-1-800x450.png 800w\" sizes=\"(max-width: 1024px) 100vw, 1024px\" \/>\t\t\t\t\t\t\t\t\t\t\t\t\t\t\t<\/div>\n\t\t\t\t<\/div>\n\t\t\t\t<div class=\"elementor-element elementor-element-1310304 elementor-widget elementor-widget-text-editor\" data-id=\"1310304\" data-element_type=\"widget\" data-e-type=\"widget\" data-widget_type=\"text-editor.default\">\n\t\t\t\t<div class=\"elementor-widget-container\">\n\t\t\t\t\t\t\t\t\t<p>Vous disposez d\u2019un terrain ou d\u2019un bien immobilier ? Vous souhaitez \u00e9valuer les possibilit\u00e9s ?<\/p><p>Une \u00e9tude d\u2019optimisation fonci\u00e8re ou une \u00e9tude de faisabilit\u00e9 immobili\u00e8re au regard des r\u00e8glements d\u2019urbanisme en vigueur peut orienter vos d\u00e9cisions d\u2019investissement.<\/p><p>Je vous propose un forfait \u00e0 ajuster selon le site et le programme.<\/p>\t\t\t\t\t\t\t\t<\/div>\n\t\t\t\t<\/div>\n\t\t\t\t\t<\/div>\n\t\t<\/div>\n\t\t\t\t<div class=\"elementor-column elementor-col-25 elementor-top-column elementor-element elementor-element-91479c6\" data-id=\"91479c6\" data-element_type=\"column\" data-e-type=\"column\">\n\t\t\t<div class=\"elementor-widget-wrap elementor-element-populated\">\n\t\t\t\t\t\t<div class=\"elementor-element elementor-element-2275b8c elementor-widget elementor-widget-text-editor\" data-id=\"2275b8c\" data-element_type=\"widget\" data-e-type=\"widget\" data-widget_type=\"text-editor.default\">\n\t\t\t\t<div class=\"elementor-widget-container\">\n\t\t\t\t\t\t\t\t\t<h2 class=\"wp-block-heading\" style=\"box-sizing: inherit; font-size: 2rem; font-style: normal; font-weight: inherit; clear: both; color: var(--ast-global-color-2); line-height: 1.3; margin-block: 0px; font-family: -apple-system, BlinkMacSystemFont, 'Segoe UI', Roboto, Oxygen-Sans, Ubuntu, Cantarell, 'Helvetica Neue', sans-serif; font-variant-ligatures: normal; font-variant-caps: normal;\">Mission conseil\u00a0<\/h2><div>\u00a0<\/div>\t\t\t\t\t\t\t\t<\/div>\n\t\t\t\t<\/div>\n\t\t\t\t<div class=\"elementor-element elementor-element-b838b57 elementor-widget elementor-widget-text-editor\" data-id=\"b838b57\" data-element_type=\"widget\" data-e-type=\"widget\" data-widget_type=\"text-editor.default\">\n\t\t\t\t<div class=\"elementor-widget-container\">\n\t\t\t\t\t\t\t\t\t<p><em style=\"box-sizing: inherit; font-variant-ligatures: normal; font-variant-caps: normal; font-family: -apple-system, BlinkMacSystemFont, 'Segoe UI', Roboto, Oxygen-Sans, Ubuntu, Cantarell, 'Helvetica Neue', sans-serif; font-size: 13px; font-weight: bold; color: var(--ast-global-color-2);\">Dur\u00e9e variable Prix variable<\/em><\/p>\t\t\t\t\t\t\t\t<\/div>\n\t\t\t\t<\/div>\n\t\t\t\t<div class=\"elementor-element elementor-element-f4c130d elementor-widget elementor-widget-image\" data-id=\"f4c130d\" data-element_type=\"widget\" data-e-type=\"widget\" data-widget_type=\"image.default\">\n\t\t\t\t<div class=\"elementor-widget-container\">\n\t\t\t\t\t\t\t\t\t\t\t\t\t\t\t<img decoding=\"async\" width=\"1024\" height=\"576\" src=\"https:\/\/vsauvage-architecte.fr\/wp-content\/uploads\/2022\/12\/IMG_5789-1024x768-1-e1671211428135.jpg\" class=\"attachment-large size-large wp-image-1230\" alt=\"\" srcset=\"https:\/\/vsauvage-architecte.fr\/wp-content\/uploads\/2022\/12\/IMG_5789-1024x768-1-e1671211428135.jpg 1024w, https:\/\/vsauvage-architecte.fr\/wp-content\/uploads\/2022\/12\/IMG_5789-1024x768-1-e1671211428135-300x169.jpg 300w, https:\/\/vsauvage-architecte.fr\/wp-content\/uploads\/2022\/12\/IMG_5789-1024x768-1-e1671211428135-768x432.jpg 768w, https:\/\/vsauvage-architecte.fr\/wp-content\/uploads\/2022\/12\/IMG_5789-1024x768-1-e1671211428135-800x450.jpg 800w\" sizes=\"(max-width: 1024px) 100vw, 1024px\" \/>\t\t\t\t\t\t\t\t\t\t\t\t\t\t\t<\/div>\n\t\t\t\t<\/div>\n\t\t\t\t<div class=\"elementor-element elementor-element-9f48f1c elementor-widget elementor-widget-text-editor\" data-id=\"9f48f1c\" data-element_type=\"widget\" data-e-type=\"widget\" data-widget_type=\"text-editor.default\">\n\t\t\t\t<div class=\"elementor-widget-container\">\n\t\t\t\t\t\t\t\t\t<p>Vous \u00eates sur le point d\u2019acheter un bien immobilier ou un terrain ? Vous \u00eates propri\u00e9taire et souhaitez r\u00e9nover, agrandir ou sur\u00e9lever ?<\/p><p>Vous r\u00e9alisez que les conseils d\u2019un architecte pourraient vous aider ?\u00a0<\/p><p>Parfois, un simple rendez-vous d\u2019une heure peut permettre de clarifier une probl\u00e9matique et de repartir avec de nouvelles id\u00e9es.<\/p>\t\t\t\t\t\t\t\t<\/div>\n\t\t\t\t<\/div>\n\t\t\t\t\t<\/div>\n\t\t<\/div>\n\t\t\t\t<div class=\"elementor-column elementor-col-25 elementor-top-column elementor-element elementor-element-d27fccb\" data-id=\"d27fccb\" data-element_type=\"column\" data-e-type=\"column\">\n\t\t\t<div class=\"elementor-widget-wrap elementor-element-populated\">\n\t\t\t\t\t\t<div class=\"elementor-element elementor-element-b30d627 elementor-widget elementor-widget-text-editor\" data-id=\"b30d627\" data-element_type=\"widget\" data-e-type=\"widget\" data-widget_type=\"text-editor.default\">\n\t\t\t\t<div class=\"elementor-widget-container\">\n\t\t\t\t\t\t\t\t\t<h2 class=\"wp-block-heading\" style=\"box-sizing: inherit; font-size: 2rem; font-style: normal; font-weight: inherit; clear: both; color: var(--ast-global-color-2); line-height: 1.3; margin-block: 0px; font-family: -apple-system, BlinkMacSystemFont, 'Segoe UI', Roboto, Oxygen-Sans, Ubuntu, Cantarell, 'Helvetica Neue', sans-serif; font-variant-ligatures: normal; font-variant-caps: normal;\">Assistance R\u00e9habilitation R\u00e9novation<\/h2>\t\t\t\t\t\t\t\t<\/div>\n\t\t\t\t<\/div>\n\t\t\t\t<div class=\"elementor-element elementor-element-ec0c3d0 elementor-widget elementor-widget-text-editor\" data-id=\"ec0c3d0\" data-element_type=\"widget\" data-e-type=\"widget\" data-widget_type=\"text-editor.default\">\n\t\t\t\t<div class=\"elementor-widget-container\">\n\t\t\t\t\t\t\t\t\t<p><em style=\"box-sizing: inherit; font-variant-ligatures: normal; font-variant-caps: normal; font-family: -apple-system, BlinkMacSystemFont, 'Segoe UI', Roboto, Oxygen-Sans, Ubuntu, Cantarell, 'Helvetica Neue', sans-serif; font-size: 13px; font-weight: bold; color: var(--ast-global-color-2);\">Dur\u00e9e variable Prix variable<\/em><\/p>\t\t\t\t\t\t\t\t<\/div>\n\t\t\t\t<\/div>\n\t\t\t\t<div class=\"elementor-element elementor-element-1ec3bc1 elementor-widget elementor-widget-image\" data-id=\"1ec3bc1\" data-element_type=\"widget\" data-e-type=\"widget\" data-widget_type=\"image.default\">\n\t\t\t\t<div class=\"elementor-widget-container\">\n\t\t\t\t\t\t\t\t\t\t\t\t\t\t\t<img decoding=\"async\" width=\"1024\" height=\"576\" src=\"https:\/\/vsauvage-architecte.fr\/wp-content\/uploads\/2022\/12\/DELVAL-1-scaled-e1671213453787-1024x576.jpg\" class=\"attachment-large size-large wp-image-1244\" alt=\"\" srcset=\"https:\/\/vsauvage-architecte.fr\/wp-content\/uploads\/2022\/12\/DELVAL-1-scaled-e1671213453787-1024x576.jpg 1024w, https:\/\/vsauvage-architecte.fr\/wp-content\/uploads\/2022\/12\/DELVAL-1-scaled-e1671213453787-300x169.jpg 300w, https:\/\/vsauvage-architecte.fr\/wp-content\/uploads\/2022\/12\/DELVAL-1-scaled-e1671213453787-768x432.jpg 768w, https:\/\/vsauvage-architecte.fr\/wp-content\/uploads\/2022\/12\/DELVAL-1-scaled-e1671213453787-1536x863.jpg 1536w, https:\/\/vsauvage-architecte.fr\/wp-content\/uploads\/2022\/12\/DELVAL-1-scaled-e1671213453787-2048x1151.jpg 2048w, https:\/\/vsauvage-architecte.fr\/wp-content\/uploads\/2022\/12\/DELVAL-1-scaled-e1671213453787-800x450.jpg 800w\" sizes=\"(max-width: 1024px) 100vw, 1024px\" \/>\t\t\t\t\t\t\t\t\t\t\t\t\t\t\t<\/div>\n\t\t\t\t<\/div>\n\t\t\t\t<div class=\"elementor-element elementor-element-2ddabcd elementor-widget elementor-widget-text-editor\" data-id=\"2ddabcd\" data-element_type=\"widget\" data-e-type=\"widget\" data-widget_type=\"text-editor.default\">\n\t\t\t\t<div class=\"elementor-widget-container\">\n\t\t\t\t\t\t\t\t\t<p>Vous souhaitez r\u00e9nover, transformer votre bien immobilier, ou vous souhaitez en modifier la destination\u00a0 ? Nous vous\u00a0 accompagnons sur les diff\u00e9rentes phases de mission :<\/p><ul><li><span style=\"font-size: 12px;\">Relev\u00e9 et diagnostic du b\u00e2ti<\/span><\/li><li><span style=\"font-size: 12px;\">Accompagnement dans les d\u00e9marches<\/span><\/li><li>Analyse des besoins des usagers<\/li><li>Avant projet<\/li><li>Conception<\/li><li>Assistance pour la passation de contrats de travaux<\/li><li><span style=\"font-size: 12px;\">Direction des travaux<\/span><\/li><\/ul>\t\t\t\t\t\t\t\t<\/div>\n\t\t\t\t<\/div>\n\t\t\t\t\t<\/div>\n\t\t<\/div>\n\t\t\t\t<div class=\"elementor-column elementor-col-25 elementor-top-column elementor-element elementor-element-be86b9f\" data-id=\"be86b9f\" data-element_type=\"column\" data-e-type=\"column\">\n\t\t\t<div class=\"elementor-widget-wrap elementor-element-populated\">\n\t\t\t\t\t\t<div class=\"elementor-element elementor-element-d80cee9 elementor-widget elementor-widget-text-editor\" data-id=\"d80cee9\" data-element_type=\"widget\" data-e-type=\"widget\" data-widget_type=\"text-editor.default\">\n\t\t\t\t<div class=\"elementor-widget-container\">\n\t\t\t\t\t\t\t\t\t<h2 class=\"wp-block-heading\" style=\"box-sizing: inherit; font-size: 2rem; font-style: normal; font-weight: inherit; clear: both; color: var(--ast-global-color-2); line-height: 1.3; margin-block: 0px; font-family: -apple-system, BlinkMacSystemFont, 'Segoe UI', Roboto, Oxygen-Sans, Ubuntu, Cantarell, 'Helvetica Neue', sans-serif; font-variant-ligatures: normal; font-variant-caps: normal;\">Assistance au projet Architectural<\/h2>\t\t\t\t\t\t\t\t<\/div>\n\t\t\t\t<\/div>\n\t\t\t\t<div class=\"elementor-element elementor-element-27b6812 elementor-widget elementor-widget-text-editor\" data-id=\"27b6812\" data-element_type=\"widget\" data-e-type=\"widget\" data-widget_type=\"text-editor.default\">\n\t\t\t\t<div class=\"elementor-widget-container\">\n\t\t\t\t\t\t\t\t\t<p><em style=\"box-sizing: inherit; font-variant-ligatures: normal; font-variant-caps: normal; font-family: -apple-system, BlinkMacSystemFont, 'Segoe UI', Roboto, Oxygen-Sans, Ubuntu, Cantarell, 'Helvetica Neue', sans-serif; font-size: 13px; font-weight: bold; color: var(--ast-global-color-2);\">Dur\u00e9e variable Prix variable<\/em><\/p>\t\t\t\t\t\t\t\t<\/div>\n\t\t\t\t<\/div>\n\t\t\t\t<div class=\"elementor-element elementor-element-f7d58a1 elementor-widget elementor-widget-image\" data-id=\"f7d58a1\" data-element_type=\"widget\" data-e-type=\"widget\" data-widget_type=\"image.default\">\n\t\t\t\t<div class=\"elementor-widget-container\">\n\t\t\t\t\t\t\t\t\t\t\t\t\t\t\t<img loading=\"lazy\" decoding=\"async\" width=\"1024\" height=\"576\" src=\"https:\/\/vsauvage-architecte.fr\/wp-content\/uploads\/2022\/12\/Logo-1024x576.png\" class=\"attachment-large size-large wp-image-1263\" alt=\"\" srcset=\"https:\/\/vsauvage-architecte.fr\/wp-content\/uploads\/2022\/12\/Logo-e1671215421516.png 1024w, https:\/\/vsauvage-architecte.fr\/wp-content\/uploads\/2022\/12\/Logo-e1671215421516-300x169.png 300w, https:\/\/vsauvage-architecte.fr\/wp-content\/uploads\/2022\/12\/Logo-e1671215421516-768x432.png 768w, https:\/\/vsauvage-architecte.fr\/wp-content\/uploads\/2022\/12\/Logo-1536x864.png 1536w, https:\/\/vsauvage-architecte.fr\/wp-content\/uploads\/2022\/12\/Logo-2048x1152.png 2048w, https:\/\/vsauvage-architecte.fr\/wp-content\/uploads\/2022\/12\/Logo-e1671215421516-800x450.png 800w\" sizes=\"(max-width: 1024px) 100vw, 1024px\" \/>\t\t\t\t\t\t\t\t\t\t\t\t\t\t\t<\/div>\n\t\t\t\t<\/div>\n\t\t\t\t<div class=\"elementor-element elementor-element-cfce4e3 elementor-widget elementor-widget-text-editor\" data-id=\"cfce4e3\" data-element_type=\"widget\" data-e-type=\"widget\" data-widget_type=\"text-editor.default\">\n\t\t\t\t<div class=\"elementor-widget-container\">\n\t\t\t\t\t\t\t\t\t<p>Nous vous proposons un accompagnement pour chacune des phases de votre projet de construction :\u00a0<\/p><ul><li>Analyse des besoins des usagers<\/li><li>Esquisse<\/li><li>Organisation g\u00e9n\u00e9rale<\/li><li>Avant projet sommaire et d\u00e9finitif<\/li><li>D\u00e9claration pr\u00e9alable<\/li><li>Permis de construire<\/li><li>Conception<\/li><li>Direction des travaux<\/li><\/ul>\t\t\t\t\t\t\t\t<\/div>\n\t\t\t\t<\/div>\n\t\t\t\t\t<\/div>\n\t\t<\/div>\n\t\t\t\t\t<\/div>\n\t\t<\/section>\n\t\t\t\t<section class=\"elementor-section elementor-top-section elementor-element elementor-element-78e512f animated-fast elementor-section-boxed elementor-section-height-default elementor-section-height-default elementor-invisible\" data-id=\"78e512f\" data-element_type=\"section\" data-e-type=\"section\" data-settings=\"{&quot;animation&quot;:&quot;slideInLeft&quot;}\">\n\t\t\t\t\t\t<div class=\"elementor-container elementor-column-gap-default\">\n\t\t\t\t\t<div class=\"elementor-column elementor-col-100 elementor-top-column elementor-element elementor-element-42fae6e\" data-id=\"42fae6e\" data-element_type=\"column\" data-e-type=\"column\">\n\t\t\t<div class=\"elementor-widget-wrap elementor-element-populated\">\n\t\t\t\t\t\t<div class=\"elementor-element elementor-element-25eb9a3 elementor-widget-divider--view-line elementor-widget elementor-widget-divider\" data-id=\"25eb9a3\" data-element_type=\"widget\" data-e-type=\"widget\" data-widget_type=\"divider.default\">\n\t\t\t\t<div class=\"elementor-widget-container\">\n\t\t\t\t\t\t\t<div class=\"elementor-divider\">\n\t\t\t<span class=\"elementor-divider-separator\">\n\t\t\t\t\t\t<\/span>\n\t\t<\/div>\n\t\t\t\t\t\t<\/div>\n\t\t\t\t<\/div>\n\t\t\t\t\t<\/div>\n\t\t<\/div>\n\t\t\t\t\t<\/div>\n\t\t<\/section>\n\t\t\t\t<section class=\"elementor-section elementor-top-section elementor-element elementor-element-bd62f0f elementor-section-boxed elementor-section-height-default elementor-section-height-default\" data-id=\"bd62f0f\" data-element_type=\"section\" data-e-type=\"section\">\n\t\t\t\t\t\t<div class=\"elementor-container elementor-column-gap-default\">\n\t\t\t\t\t<div class=\"elementor-column elementor-col-100 elementor-top-column elementor-element elementor-element-4e6f53d\" data-id=\"4e6f53d\" data-element_type=\"column\" data-e-type=\"column\">\n\t\t\t<div class=\"elementor-widget-wrap elementor-element-populated\">\n\t\t\t\t\t\t<div class=\"elementor-element elementor-element-4df0517 elementor-widget elementor-widget-text-editor\" data-id=\"4df0517\" data-element_type=\"widget\" data-e-type=\"widget\" data-widget_type=\"text-editor.default\">\n\t\t\t\t<div class=\"elementor-widget-container\">\n\t\t\t\t\t\t\t\t\t<p>Le calcul d\u2019honoraires est souvent bas\u00e9 sur un pourcentage du budget. Il n\u2019y a que rarement correspondance entre budget et charge de travail. J\u2019ai choisi de pratiquer des tarifs facilement pr\u00e9visibles pour toutes les missions de maitrise d\u2019\u0153uvre, qu\u2019elles soient compl\u00e8tes ou partielles et quelque soit l\u2019\u00e9chelle du projet.<\/p>\t\t\t\t\t\t\t\t<\/div>\n\t\t\t\t<\/div>\n\t\t\t\t\t<\/div>\n\t\t<\/div>\n\t\t\t\t\t<\/div>\n\t\t<\/section>\n\t\t\t\t<\/div>\n\t\t","protected":false},"excerpt":{"rendered":"<p>Optimisation fonci\u00e8re \u00a0 Dur\u00e9e variable Prix variable Vous disposez d\u2019un terrain ou d\u2019un bien immobilier ? Vous souhaitez \u00e9valuer les possibilit\u00e9s ? Une \u00e9tude d\u2019optimisation fonci\u00e8re ou une \u00e9tude de faisabilit\u00e9 immobili\u00e8re au regard des r\u00e8glements d\u2019urbanisme en vigueur peut orienter vos d\u00e9cisions d\u2019investissement. Je vous propose un forfait \u00e0 ajuster selon le site et [&hellip;]<\/p>\n","protected":false},"author":1,"featured_media":0,"parent":0,"menu_order":0,"comment_status":"closed","ping_status":"closed","template":"","meta":{"footnotes":""},"class_list":["post-1221","page","type-page","status-publish","hentry","entry"],"_links":{"self":[{"href":"https:\/\/vsauvage-architecte.fr\/index.php\/wp-json\/wp\/v2\/pages\/1221","targetHints":{"allow":["GET"]}}],"collection":[{"href":"https:\/\/vsauvage-architecte.fr\/index.php\/wp-json\/wp\/v2\/pages"}],"about":[{"href":"https:\/\/vsauvage-architecte.fr\/index.php\/wp-json\/wp\/v2\/types\/page"}],"author":[{"embeddable":true,"href":"https:\/\/vsauvage-architecte.fr\/index.php\/wp-json\/wp\/v2\/users\/1"}],"replies":[{"embeddable":true,"href":"https:\/\/vsauvage-architecte.fr\/index.php\/wp-json\/wp\/v2\/comments?post=1221"}],"version-history":[{"count":12,"href":"https:\/\/vsauvage-architecte.fr\/index.php\/wp-json\/wp\/v2\/pages\/1221\/revisions"}],"predecessor-version":[{"id":1771,"href":"https:\/\/vsauvage-architecte.fr\/index.php\/wp-json\/wp\/v2\/pages\/1221\/revisions\/1771"}],"wp:attachment":[{"href":"https:\/\/vsauvage-architecte.fr\/index.php\/wp-json\/wp\/v2\/media?parent=1221"}],"curies":[{"name":"wp","href":"https:\/\/api.w.org\/{rel}","templated":true}]}}